{"id":1762,"date":"2016-05-26T14:08:08","date_gmt":"2016-05-26T13:08:08","guid":{"rendered":"http:\/\/saber-benmimoun.com\/?page_id=1762"},"modified":"2025-03-07T22:00:32","modified_gmt":"2025-03-07T21:00:32","slug":"futureindex","status":"publish","type":"page","link":"https:\/\/saber-benmimoun.com\/","title":{"rendered":"Home"},"content":{"rendered":"\n<div class=\"wp-block-columns .wp-block-columns { padding: 0px 0px; } has-background is-layout-flex wp-container-core-columns-is-layout-9d6595d7 wp-block-columns-is-layout-flex\" style=\"background-color:#bdefff\">\n<div class=\"wp-block-column is-layout-flow wp-block-column-is-layout-flow\" style=\"flex-basis:50%\">\n<div class=\"wp-block-columns are-vertically-aligned-center is-layout-flex wp-container-core-columns-is-layout-9d6595d7 wp-block-columns-is-layout-flex\">\n<div class=\"wp-block-column is-vertically-aligned-center is-layout-flow wp-block-column-is-layout-flow\">\n<figure class=\"wp-block-image size-large\"><img loading=\"lazy\" decoding=\"async\" width=\"1024\" height=\"768\" src=\"http:\/\/saber-benmimoun.com\/wp-content\/uploads\/2020\/11\/saber-home-topLayer-blue-1024x768.jpg\" alt=\"\" class=\"wp-image-2833\" srcset=\"https:\/\/saber-benmimoun.com\/wp-content\/uploads\/2020\/11\/saber-home-topLayer-blue-1024x768.jpg 1024w, https:\/\/saber-benmimoun.com\/wp-content\/uploads\/2020\/11\/saber-home-topLayer-blue-300x225.jpg 300w, https:\/\/saber-benmimoun.com\/wp-content\/uploads\/2020\/11\/saber-home-topLayer-blue-768x576.jpg 768w, https:\/\/saber-benmimoun.com\/wp-content\/uploads\/2020\/11\/saber-home-topLayer-blue-1536x1152.jpg 1536w, https:\/\/saber-benmimoun.com\/wp-content\/uploads\/2020\/11\/saber-home-topLayer-blue-2048x1536.jpg 2048w\" sizes=\"auto, (max-width: 1024px) 100vw, 1024px\" \/><\/figure>\n<\/div>\n<\/div>\n\n\n\n<p><\/p>\n<\/div>\n\n\n\n<div class=\"wp-block-column is-vertically-aligned-center is-layout-flow wp-block-column-is-layout-flow\" style=\"flex-basis:30%\">\n<p class=\"has-text-align-center has-black-color has-text-color has-large-font-size\"><strong>Saber BEN MIMOUN<\/strong><\/p>\n\n\n\n<p class=\"has-text-align-center\">.<\/p>\n\n\n\n<p class=\"has-text-align-center\"><a rel=\"noreferrer noopener\" href=\"https:\/\/www.linkedin.com\/in\/saber-ben-mimoun-23b2b886?trk=nav_responsive_tab_profile\" data-type=\"URL\" data-id=\"https:\/\/www.linkedin.com\/in\/saber-ben-mimoun-23b2b886?trk=nav_responsive_tab_profile\" target=\"_blank\"><img loading=\"lazy\" decoding=\"async\" width=\"50\" height=\"50\" class=\"wp-image-1797\" style=\"width: 50px;\" src=\"http:\/\/saber-benmimoun.com\/wp-content\/uploads\/2016\/05\/linkedin-icon.png\" alt=\"\" srcset=\"https:\/\/saber-benmimoun.com\/wp-content\/uploads\/2016\/05\/linkedin-icon.png 512w, https:\/\/saber-benmimoun.com\/wp-content\/uploads\/2016\/05\/linkedin-icon-150x150.png 150w, https:\/\/saber-benmimoun.com\/wp-content\/uploads\/2016\/05\/linkedin-icon-300x300.png 300w, https:\/\/saber-benmimoun.com\/wp-content\/uploads\/2016\/05\/linkedin-icon-356x364.png 356w, https:\/\/saber-benmimoun.com\/wp-content\/uploads\/2016\/05\/linkedin-icon-420x420.png 420w\" sizes=\"auto, (max-width: 50px) 100vw, 50px\" \/><\/a>       <a rel=\"noreferrer noopener\" href=\"http:\/\/saber-benmimoun.com\/?page_id=25\" data-type=\"URL\" data-id=\"http:\/\/saber-benmimoun.com\/?page_id=25\" target=\"_blank\"><img loading=\"lazy\" decoding=\"async\" width=\"70\" height=\"50\" class=\"wp-image-2079\" style=\"width: 70px;\" src=\"http:\/\/saber-benmimoun.com\/wp-content\/uploads\/2016\/05\/gmail-e1475950209649.png\" alt=\"\" srcset=\"https:\/\/saber-benmimoun.com\/wp-content\/uploads\/2016\/05\/gmail-e1475950209649.png 222w, https:\/\/saber-benmimoun.com\/wp-content\/uploads\/2016\/05\/gmail-e1475950209649-100x70.png 100w\" sizes=\"auto, (max-width: 70px) 100vw, 70px\" \/><\/a>        <a href=\"https:\/\/www.youtube.com\/channel\/UCZ3BnSHx7XfVZHA2cA0nSbg\" data-type=\"URL\" data-id=\"https:\/\/www.youtube.com\/channel\/UCZ3BnSHx7XfVZHA2cA0nSbg\" target=\"_blank\" rel=\"noreferrer noopener\"><img loading=\"lazy\" decoding=\"async\" width=\"75\" height=\"53\" class=\"wp-image-2739\" style=\"width: 75px;\" src=\"http:\/\/saber-benmimoun.com\/wp-content\/uploads\/2020\/11\/youtube-icon-png.png\" alt=\"Youtube Channel\" srcset=\"https:\/\/saber-benmimoun.com\/wp-content\/uploads\/2020\/11\/youtube-icon-png.png 1674w, https:\/\/saber-benmimoun.com\/wp-content\/uploads\/2020\/11\/youtube-icon-png-300x210.png 300w, https:\/\/saber-benmimoun.com\/wp-content\/uploads\/2020\/11\/youtube-icon-png-1024x718.png 1024w, https:\/\/saber-benmimoun.com\/wp-content\/uploads\/2020\/11\/youtube-icon-png-768x538.png 768w, https:\/\/saber-benmimoun.com\/wp-content\/uploads\/2020\/11\/youtube-icon-png-1536x1076.png 1536w, https:\/\/saber-benmimoun.com\/wp-content\/uploads\/2020\/11\/youtube-icon-png-100x70.png 100w, https:\/\/saber-benmimoun.com\/wp-content\/uploads\/2020\/11\/youtube-icon-png-218x150.png 218w, https:\/\/saber-benmimoun.com\/wp-content\/uploads\/2020\/11\/youtube-icon-png-324x235.png 324w, https:\/\/saber-benmimoun.com\/wp-content\/uploads\/2020\/11\/youtube-icon-png-696x488.png 696w, https:\/\/saber-benmimoun.com\/wp-content\/uploads\/2020\/11\/youtube-icon-png-1068x748.png 1068w, https:\/\/saber-benmimoun.com\/wp-content\/uploads\/2020\/11\/youtube-icon-png-599x420.png 599w\" sizes=\"auto, (max-width: 75px) 100vw, 75px\" \/><\/a><\/p>\n<\/div>\n<\/div>\n\n\n\n<div class=\"wp-block-group\"><div class=\"wp-block-group__inner-container is-layout-flow wp-block-group-is-layout-flow\"><\/div><\/div>\n\n\n\n<div class=\"wp-block-group\"><div class=\"wp-block-group__inner-container is-layout-flow wp-block-group-is-layout-flow\">\n<div class=\"wp-block-columns alignwide are-vertically-aligned-top has-luminous-vivid-amber-to-luminous-vivid-orange-gradient-background has-background is-layout-flex wp-container-core-columns-is-layout-9d6595d7 wp-block-columns-is-layout-flex\">\n<div class=\"wp-block-column is-vertically-aligned-top is-layout-flow wp-block-column-is-layout-flow\" style=\"flex-basis:3%\"><\/div>\n\n\n\n<div class=\"wp-block-column is-vertically-aligned-top is-layout-flow wp-block-column-is-layout-flow\">\n<div style=\"height:50px\" aria-hidden=\"true\" class=\"wp-block-spacer\"><\/div>\n\n\n<div class=\"wp-block-image\">\n<figure class=\"aligncenter size-medium is-resized\"><a href=\"http:\/\/saber-benmimoun.com\/?cat=79\"><img loading=\"lazy\" decoding=\"async\" width=\"200\" height=\"300\" src=\"http:\/\/saber-benmimoun.com\/wp-content\/uploads\/2020\/08\/Saber-field-application-specialist-FAS-perkinelmer-lab-200x300.jpg\" alt=\"\" class=\"wp-image-2732\" style=\"width:303px;height:450px\" srcset=\"https:\/\/saber-benmimoun.com\/wp-content\/uploads\/2020\/08\/Saber-field-application-specialist-FAS-perkinelmer-lab-200x300.jpg 200w, https:\/\/saber-benmimoun.com\/wp-content\/uploads\/2020\/08\/Saber-field-application-specialist-FAS-perkinelmer-lab-280x420.jpg 280w, https:\/\/saber-benmimoun.com\/wp-content\/uploads\/2020\/08\/Saber-field-application-specialist-FAS-perkinelmer-lab.jpg 640w\" sizes=\"auto, (max-width: 200px) 100vw, 200px\" \/><\/a><\/figure>\n<\/div>\n\n\n<p class=\"has-text-align-center has-dark-gray-color has-text-color\" style=\"font-size:30px\"><strong><a href=\"http:\/\/saber-benmimoun.com\/?cat=79\">Education &amp; Formations<\/a><\/strong><\/p>\n\n\n\n<p class=\"has-dark-gray-color has-text-color\">Cette section est consacr\u00e9e aux ann\u00e9es de mes \u00e9tudes et les formations que j&#8217;ai suivies.<\/p>\n\n\n\n<div style=\"height:50px\" aria-hidden=\"true\" class=\"wp-block-spacer\"><\/div>\n<\/div>\n\n\n\n<div class=\"wp-block-column is-vertically-aligned-top is-layout-flow wp-block-column-is-layout-flow\">\n<div style=\"height:50px\" aria-hidden=\"true\" class=\"wp-block-spacer\"><\/div>\n\n\n<div class=\"wp-block-image\">\n<figure class=\"aligncenter size-full is-resized\"><a href=\"http:\/\/saber-benmimoun.com\/?cat=80\"><img loading=\"lazy\" decoding=\"async\" width=\"1196\" height=\"1708\" src=\"http:\/\/saber-benmimoun.com\/wp-content\/uploads\/2020\/11\/work-perkinelmer-saber-scaled-e1604758298431.jpg\" alt=\"\" class=\"wp-image-2821\" style=\"width:318px;height:458px\" srcset=\"https:\/\/saber-benmimoun.com\/wp-content\/uploads\/2020\/11\/work-perkinelmer-saber-scaled-e1604758298431.jpg 1196w, https:\/\/saber-benmimoun.com\/wp-content\/uploads\/2020\/11\/work-perkinelmer-saber-scaled-e1604758298431-210x300.jpg 210w, https:\/\/saber-benmimoun.com\/wp-content\/uploads\/2020\/11\/work-perkinelmer-saber-scaled-e1604758298431-717x1024.jpg 717w, https:\/\/saber-benmimoun.com\/wp-content\/uploads\/2020\/11\/work-perkinelmer-saber-scaled-e1604758298431-768x1097.jpg 768w, https:\/\/saber-benmimoun.com\/wp-content\/uploads\/2020\/11\/work-perkinelmer-saber-scaled-e1604758298431-1076x1536.jpg 1076w\" sizes=\"auto, (max-width: 1196px) 100vw, 1196px\" \/><\/a><\/figure>\n<\/div>\n\n\n<p class=\"has-text-align-center has-dark-gray-color has-text-color\" style=\"font-size:30px\"><strong><a href=\"http:\/\/saber-benmimoun.com\/?cat=80\">VIE PROFESSIONNELLE &amp; BENEVOLAT<\/a><\/strong><\/p>\n\n\n\n<p class=\"has-dark-gray-color has-text-color\">Portfolio est une page qui servira comme un dossier personnel dans lequel je mettrai mes acquis de formation, mes acquis de l\u2019exp\u00e9rience et les projets que j\u2019ai r\u00e9alis\u00e9s.<\/p>\n\n\n\n<div style=\"height:50px\" aria-hidden=\"true\" class=\"wp-block-spacer\"><\/div>\n<\/div>\n\n\n\n<div class=\"wp-block-column is-vertically-aligned-top is-layout-flow wp-block-column-is-layout-flow\">\n<div style=\"height:50px\" aria-hidden=\"true\" class=\"wp-block-spacer\"><\/div>\n\n\n<div class=\"wp-block-image\">\n<figure class=\"aligncenter size-large is-resized\"><a href=\"http:\/\/saber-benmimoun.com\/?cat=81\"><img loading=\"lazy\" decoding=\"async\" width=\"568\" height=\"902\" src=\"http:\/\/saber-benmimoun.com\/wp-content\/uploads\/2020\/11\/sport-curie-course-e1604763267546.jpg\" alt=\"\" class=\"wp-image-2859\" style=\"width:286px;height:436px\" srcset=\"https:\/\/saber-benmimoun.com\/wp-content\/uploads\/2020\/11\/sport-curie-course-e1604763267546.jpg 568w, https:\/\/saber-benmimoun.com\/wp-content\/uploads\/2020\/11\/sport-curie-course-e1604763267546-189x300.jpg 189w\" sizes=\"auto, (max-width: 568px) 100vw, 568px\" \/><\/a><\/figure>\n<\/div>\n\n\n<p class=\"has-text-align-center has-dark-gray-color has-text-color\" style=\"font-size:30px\"><strong><a href=\"http:\/\/saber-benmimoun.com\/?cat=81\">Sports et Loisirs<\/a><\/strong><\/p>\n\n\n\n<p class=\"has-text-align-left has-dark-gray-color has-text-color\">Pendant mon temps libre et pour mon \u00e9panouissement personnelle,  je pratique plusieurs sports et je participe \u00e0 plusieurs activit\u00e9s associatives et culturelles.<\/p>\n\n\n\n<div style=\"height:50px\" aria-hidden=\"true\" class=\"wp-block-spacer\"><\/div>\n<\/div>\n\n\n\n<div class=\"wp-block-column is-vertically-aligned-top is-layout-flow wp-block-column-is-layout-flow\" style=\"flex-basis:3%\"><\/div>\n<\/div>\n\n\n\n<p><\/p>\n<\/div><\/div>\n\n\n\n<div style=\"height:50px\" aria-hidden=\"true\" class=\"wp-block-spacer\"><\/div>\n\n\n\n<p class=\"has-text-align-center has-accent-color has-text-color has-large-font-size\"><strong>Articles R\u00e9cents<\/strong><\/p>\n\n\n\n<div style=\"height:50px\" aria-hidden=\"true\" class=\"wp-block-spacer\"><\/div>\n\n\n\n<div class=\"wp-block-columns is-layout-flex wp-container-core-columns-is-layout-9d6595d7 wp-block-columns-is-layout-flex\">\n<div class=\"wp-block-column is-layout-flow wp-block-column-is-layout-flow\" style=\"flex-basis:3%\"><\/div>\n\n\n\n<div class=\"wp-block-column is-layout-flow wp-block-column-is-layout-flow\" style=\"flex-basis:94%\"><ul class=\"wp-block-latest-posts__list is-grid columns-4 has-dates aligncenter wp-block-latest-posts\"><li><div class=\"wp-block-latest-posts__featured-image\"><img loading=\"lazy\" decoding=\"async\" width=\"150\" height=\"150\" src=\"https:\/\/saber-benmimoun.com\/wp-content\/uploads\/2026\/02\/sko-2026-athens-team-FAS-150x150.jpg\" class=\"attachment-thumbnail size-thumbnail wp-post-image\" alt=\"\" style=\"\" \/><\/div><a class=\"wp-block-latest-posts__post-title\" href=\"https:\/\/saber-benmimoun.com\/?p=3732\">2026 European Sales Kick-Off at Athens<\/a><time datetime=\"2026-02-26T18:05:00+01:00\" class=\"wp-block-latest-posts__post-date\">26 February 2026<\/time><\/li>\n<li><div class=\"wp-block-latest-posts__featured-image\"><img loading=\"lazy\" decoding=\"async\" width=\"150\" height=\"150\" src=\"https:\/\/saber-benmimoun.com\/wp-content\/uploads\/2026\/01\/feuille-automne-leaf-150x150.jpg\" class=\"attachment-thumbnail size-thumbnail wp-post-image\" alt=\"\" style=\"\" \/><\/div><a class=\"wp-block-latest-posts__post-title\" href=\"https:\/\/saber-benmimoun.com\/?p=3706\">La feuille qui resta<\/a><time datetime=\"2026-01-27T17:20:01+01:00\" class=\"wp-block-latest-posts__post-date\">27 January 2026<\/time><\/li>\n<li><div class=\"wp-block-latest-posts__featured-image\"><img loading=\"lazy\" decoding=\"async\" width=\"150\" height=\"150\" src=\"https:\/\/saber-benmimoun.com\/wp-content\/uploads\/2026\/01\/monkey-trap-coco-story-150x150.png\" class=\"attachment-thumbnail size-thumbnail wp-post-image\" alt=\"\" style=\"\" \/><\/div><a class=\"wp-block-latest-posts__post-title\" href=\"https:\/\/saber-benmimoun.com\/?p=3702\">Les singes et les noix de coco remplies de riz<\/a><time datetime=\"2026-01-27T01:28:59+01:00\" class=\"wp-block-latest-posts__post-date\">27 January 2026<\/time><\/li>\n<li><div class=\"wp-block-latest-posts__featured-image\"><img loading=\"lazy\" decoding=\"async\" width=\"150\" height=\"150\" src=\"https:\/\/saber-benmimoun.com\/wp-content\/uploads\/2026\/01\/Screenshot_20260124_200809_Chrome-150x150.jpg\" class=\"attachment-thumbnail size-thumbnail wp-post-image\" alt=\"\" style=\"\" \/><\/div><a class=\"wp-block-latest-posts__post-title\" href=\"https:\/\/saber-benmimoun.com\/?p=3694\">Le voleur de hache<\/a><time datetime=\"2026-01-24T20:02:48+01:00\" class=\"wp-block-latest-posts__post-date\">24 January 2026<\/time><\/li>\n<\/ul><\/div>\n\n\n\n<div class=\"wp-block-column is-layout-flow wp-block-column-is-layout-flow\" style=\"flex-basis:3%\"><\/div>\n<\/div>\n\n\n\n<div class=\"wp-block-group\"><div class=\"wp-block-group__inner-container is-layout-flow wp-block-group-is-layout-flow\">\n<div style=\"height:50px\" aria-hidden=\"true\" class=\"wp-block-spacer\"><\/div>\n\n\n\n<p><\/p>\n<\/div><\/div>\n\n\n\n<div class=\"wp-block-group has-accent-background-color has-background\"><div class=\"wp-block-group__inner-container is-layout-flow wp-block-group-is-layout-flow\">\n<p class=\"has-text-align-center\">.<\/p>\n\n\n\n<div style=\"height:50px\" aria-hidden=\"true\" class=\"wp-block-spacer\"><\/div>\n\n\n\n<p class=\"has-text-align-center has-dark-gray-color has-text-color has-large-font-size\"><strong>Les vid\u00e9os r\u00e9centes de ma chaine YouTube<\/strong><\/p>\n\n\n\n<p class=\"has-text-align-center\">.<\/p>\n\n\n\n<div class=\"wp-block-columns m0 is-layout-flex wp-container-core-columns-is-layout-9d6595d7 wp-block-columns-is-layout-flex\">\n<div class=\"wp-block-column is-layout-flow wp-block-column-is-layout-flow\">\n<figure class=\"wp-block-embed is-type-video is-provider-youtube wp-block-embed-youtube wp-embed-aspect-16-9 wp-has-aspect-ratio\"><div class=\"wp-block-embed__wrapper\">\n<iframe loading=\"lazy\" title=\"How to HTF : HTRF assay - Adherent cells - Phospho CDK1\" width=\"1200\" height=\"675\" src=\"https:\/\/www.youtube.com\/embed\/GZdXZsBwwTw?list=PL9xUsV32sZVtrorkiLK6aZAYqX5sK1B36\" frameborder=\"0\" allow=\"accelerometer; autoplay; clipboard-write; encrypted-media; gyroscope; picture-in-picture; web-share\" referrerpolicy=\"strict-origin-when-cross-origin\" allowfullscreen><\/iframe>\n<\/div><\/figure>\n<\/div>\n\n\n\n<div class=\"wp-block-column is-layout-flow wp-block-column-is-layout-flow\">\n<figure class=\"wp-block-embed is-type-video is-provider-youtube wp-block-embed-youtube wp-embed-aspect-16-9 wp-has-aspect-ratio\"><div class=\"wp-block-embed__wrapper\">\n<iframe loading=\"lazy\" title=\"How to victor Nivo : Transport locking\" width=\"1200\" height=\"675\" src=\"https:\/\/www.youtube.com\/embed\/8v89DHJCbM4?feature=oembed\" frameborder=\"0\" allow=\"accelerometer; autoplay; clipboard-write; encrypted-media; gyroscope; picture-in-picture; web-share\" referrerpolicy=\"strict-origin-when-cross-origin\" allowfullscreen><\/iframe>\n<\/div><\/figure>\n\n\n\n<p><\/p>\n<\/div>\n\n\n\n<div class=\"wp-block-column is-layout-flow wp-block-column-is-layout-flow\">\n<figure class=\"wp-block-embed is-type-video is-provider-youtube wp-block-embed-youtube wp-embed-aspect-16-9 wp-has-aspect-ratio\"><div class=\"wp-block-embed__wrapper\">\n<iframe loading=\"lazy\" title=\"How to EnVision : Create a Cy5 fluorescence protocol using monochromators\" width=\"1200\" height=\"675\" src=\"https:\/\/www.youtube.com\/embed\/y71CZK_b0Sc?feature=oembed\" frameborder=\"0\" allow=\"accelerometer; autoplay; clipboard-write; encrypted-media; gyroscope; picture-in-picture; web-share\" referrerpolicy=\"strict-origin-when-cross-origin\" allowfullscreen><\/iframe>\n<\/div><\/figure>\n<\/div>\n<\/div>\n\n\n\n<div style=\"height:50px\" aria-hidden=\"true\" class=\"wp-block-spacer\"><\/div>\n<\/div><\/div>\n","protected":false},"excerpt":{"rendered":"<p>Saber BEN MIMOUN . Education &amp; Formations Cette section est consacr\u00e9e aux ann\u00e9es de mes \u00e9tudes et les formations que j&#8217;ai suivies. VIE PROFESSIONNELLE &amp; BENEVOLAT Portfolio est une page qui servira comme un dossier personnel dans lequel je mettrai mes acquis de formation, mes acquis de l\u2019exp\u00e9rience et les projets que j\u2019ai r\u00e9alis\u00e9s. Sports&hellip;<\/p>\n","protected":false},"author":1,"featured_media":0,"parent":0,"menu_order":0,"comment_status":"closed","ping_status":"closed","template":"","meta":[],"class_list":["post-1762","page","type-page","status-publish","hentry","description-off"],"_links":{"self":[{"href":"https:\/\/saber-benmimoun.com\/index.php?rest_route=\/wp\/v2\/pages\/1762","targetHints":{"allow":["GET"]}}],"collection":[{"href":"https:\/\/saber-benmimoun.com\/index.php?rest_route=\/wp\/v2\/pages"}],"about":[{"href":"https:\/\/saber-benmimoun.com\/index.php?rest_route=\/wp\/v2\/types\/page"}],"author":[{"embeddable":true,"href":"https:\/\/saber-benmimoun.com\/index.php?rest_route=\/wp\/v2\/users\/1"}],"replies":[{"embeddable":true,"href":"https:\/\/saber-benmimoun.com\/index.php?rest_route=%2Fwp%2Fv2%2Fcomments&post=1762"}],"version-history":[{"count":234,"href":"https:\/\/saber-benmimoun.com\/index.php?rest_route=\/wp\/v2\/pages\/1762\/revisions"}],"predecessor-version":[{"id":3468,"href":"https:\/\/saber-benmimoun.com\/index.php?rest_route=\/wp\/v2\/pages\/1762\/revisions\/3468"}],"wp:attachment":[{"href":"https:\/\/saber-benmimoun.com\/index.php?rest_route=%2Fwp%2Fv2%2Fmedia&parent=1762"}],"curies":[{"name":"wp","href":"https:\/\/api.w.org\/{rel}","templated":true}]}}